{"id":2,"date":"2023-02-25T20:21:36","date_gmt":"2023-02-25T20:21:36","guid":{"rendered":"http:\/\/villa-arija.com\/?page_id=2"},"modified":"2023-03-03T12:19:16","modified_gmt":"2023-03-03T12:19:16","slug":"villa-arija-povlja","status":"publish","type":"page","link":"https:\/\/villa-arija.com\/cs\/","title":{"rendered":"Villa Arija"},"content":{"rendered":"<div data-elementor-type=\"wp-page\" data-elementor-id=\"2\" class=\"elementor elementor-2\">\n\t\t\t\t\t\t\t\t\t<section class=\"elementor-section elementor-top-section elementor-element elementor-element-853a0db elementor-section-boxed elementor-section-height-default elementor-section-height-default\" data-id=\"853a0db\" data-element_type=\"section\">\n\t\t\t\t\t\t<div class=\"elementor-container elementor-column-gap-default\">\n\t\t\t\t\t<div class=\"elementor-column elementor-col-100 elementor-top-column elementor-element elementor-element-5ca0de1\" data-id=\"5ca0de1\" data-element_type=\"column\">\n\t\t\t<div class=\"elementor-widget-wrap elementor-element-populated\">\n\t\t\t\t\t\t\t\t<div class=\"elementor-element elementor-element-7d50cc13 elementor-widget elementor-widget-text-editor\" data-id=\"7d50cc13\" data-element_type=\"widget\" data-widget_type=\"text-editor.default\">\n\t\t\t\t<div class=\"elementor-widget-container\">\n\t\t\t<style>\/*! elementor - v3.11.2 - 22-02-2023 *\/\n.elementor-widget-text-editor.elementor-drop-cap-view-stacked .elementor-drop-cap{background-color:#818a91;color:#fff}.elementor-widget-text-editor.elementor-drop-cap-view-framed .elementor-drop-cap{color:#818a91;border:3px solid;background-color:transparent}.elementor-widget-text-editor:not(.elementor-drop-cap-view-default) .elementor-drop-cap{margin-top:8px}.elementor-widget-text-editor:not(.elementor-drop-cap-view-default) .elementor-drop-cap-letter{width:1em;height:1em}.elementor-widget-text-editor .elementor-drop-cap{float:left;text-align:center;line-height:1;font-size:50px}.elementor-widget-text-editor .elementor-drop-cap-letter{display:inline-block}<\/style>\t\t\t\t<p>V\u00edtejte na ofici\u00e1ln\u00edch str\u00e1nk\u00e1ch apartm\u00e1n\u016f \"Villa Arija\" v Povlja, ostrov Bra\u010d.<\/p>\n<p>Povlja je kr\u00e1sn\u00e9 mal\u00e9 m\u00edsto na severov\u00fdchodn\u00ed stran\u011b ostrova Bra\u010d ve St\u0159edn\u00ed Dalm\u00e1cii, kter\u00e9 se nach\u00e1z\u00ed v nejv\u011bt\u0161\u00ed z\u00e1toce masivn\u00edho z\u00e1livu Povlja. Je to opravdu tich\u00e1 klidn\u00e1 lokalita, ide\u00e1ln\u00ed pro rodinnou dovolenou s nab\u00eddkou dom\u00e1c\u00ed gastronomie (n\u011bkolik trh\u016f, restaurac\u00ed a taveren). U n\u00e1s najdete mnoho za\u0159\u00edzen\u00ed jako pot\u00e1p\u011bn\u00ed, tenis a v noci otev\u0159en\u00e9 kluby s dalmatskou hudbou av pouh\u00fdch 30 km vzd\u00e1len\u00e9m Bolu a nejkr\u00e1sn\u011bj\u0161\u00ed pl\u00e1\u017ei Zlatni rat mnoho dal\u0161\u00edch mo\u017enost\u00ed rekreace a z\u00e1bavy.<\/p>\n<p>Apartm\u00e1ny \"Villa Arija\" se tak\u00e9 nach\u00e1zej\u00ed v klidn\u00e9 \u010dtvrti jen 40 metr\u016f od mo\u0159e, p\u011bkn\u00e9 kamenn\u00e9 pl\u00e1\u017ee a ale jsou zde i dal\u0161\u00ed (mal\u00e9 kamenn\u00e9) pl\u00e1\u017ee stejn\u011b bezpe\u010dn\u00e9 pro d\u011bti v z\u00e1toce Ti\u010dja luka a n\u011bkolik \u00fa\u017easn\u00fdch sm\u011brem k 500 metr\u016f maj\u00e1k Povlja. Na\u0161e m\u00edsto a ubytov\u00e1n\u00ed je tak ide\u00e1ln\u00ed pro rodiny s d\u011btmi a dom\u00e1c\u00edmi mazl\u00ed\u010dky.<\/p>\t\t\t\t\t\t<\/div>\n\t\t\t\t<\/div>\n\t\t\t\t<div class=\"elementor-element elementor-element-f40199d elementor-widget elementor-widget-google_maps\" data-id=\"f40199d\" data-element_type=\"widget\" data-widget_type=\"google_maps.default\">\n\t\t\t\t<div class=\"elementor-widget-container\">\n\t\t\t<style>\/*! elementor - v3.11.2 - 22-02-2023 *\/\n.elementor-widget-google_maps .elementor-widget-container{overflow:hidden}.elementor-widget-google_maps .elementor-custom-embed{line-height:0}.elementor-widget-google_maps iframe{height:300px}<\/style>\t\t<div class=\"elementor-custom-embed\">\n\t\t\t<iframe loading=\"lazy\"\n\t\t\t\t\tsrc=\"https:\/\/maps.google.com\/maps?q=villa%20arija%20povlja&#038;t=m&#038;z=11&#038;output=embed&#038;iwloc=near\"\n\t\t\t\t\ttitle=\"villa arija povlja\"\n\t\t\t\t\taria-label=\"villa arija povlja\"\n\t\t\t><\/iframe>\n\t\t<\/div>\n\t\t\t\t<\/div>\n\t\t\t\t<\/div>\n\t\t\t\t\t<\/div>\n\t\t<\/div>\n\t\t\t\t\t\t\t<\/div>\n\t\t<\/section>\n\t\t\t\t\t\t\t<\/div>","protected":false},"excerpt":{"rendered":"<p>Welcome to official web site of the apartments &#8220;Villa Arija&#8221; in Povlja, island Brac. Povlja is a beautiful little place<\/p>\n<p><a href=\"https:\/\/villa-arija.com\/cs\/\" class=\"more-link\">Continue reading<span class=\"screen-reader-text\">Villa Arija<\/span><\/a><\/p>","protected":false},"author":1,"featured_media":0,"parent":0,"menu_order":0,"comment_status":"closed","ping_status":"closed","template":"","meta":{"footnotes":""},"class_list":["post-2","page","type-page","status-publish","hentry"],"_links":{"self":[{"href":"https:\/\/villa-arija.com\/cs\/wp-json\/wp\/v2\/pages\/2","targetHints":{"allow":["GET"]}}],"collection":[{"href":"https:\/\/villa-arija.com\/cs\/wp-json\/wp\/v2\/pages"}],"about":[{"href":"https:\/\/villa-arija.com\/cs\/wp-json\/wp\/v2\/types\/page"}],"author":[{"embeddable":true,"href":"https:\/\/villa-arija.com\/cs\/wp-json\/wp\/v2\/users\/1"}],"replies":[{"embeddable":true,"href":"https:\/\/villa-arija.com\/cs\/wp-json\/wp\/v2\/comments?post=2"}],"version-history":[{"count":8,"href":"https:\/\/villa-arija.com\/cs\/wp-json\/wp\/v2\/pages\/2\/revisions"}],"predecessor-version":[{"id":210,"href":"https:\/\/villa-arija.com\/cs\/wp-json\/wp\/v2\/pages\/2\/revisions\/210"}],"wp:attachment":[{"href":"https:\/\/villa-arija.com\/cs\/wp-json\/wp\/v2\/media?parent=2"}],"curies":[{"name":"wp","href":"https:\/\/api.w.org\/{rel}","templated":true}]}}