{"id":2,"date":"2023-02-25T20:21:36","date_gmt":"2023-02-25T20:21:36","guid":{"rendered":"http:\/\/villa-arija.com\/?page_id=2"},"modified":"2023-03-03T12:19:16","modified_gmt":"2023-03-03T12:19:16","slug":"villa-arija-povlja","status":"publish","type":"page","link":"https:\/\/villa-arija.com\/pl\/","title":{"rendered":"Villa Arija"},"content":{"rendered":"<div data-elementor-type=\"wp-page\" data-elementor-id=\"2\" class=\"elementor elementor-2\">\n\t\t\t\t\t\t\t\t\t<section class=\"elementor-section elementor-top-section elementor-element elementor-element-853a0db elementor-section-boxed elementor-section-height-default elementor-section-height-default\" data-id=\"853a0db\" data-element_type=\"section\">\n\t\t\t\t\t\t<div class=\"elementor-container elementor-column-gap-default\">\n\t\t\t\t\t<div class=\"elementor-column elementor-col-100 elementor-top-column elementor-element elementor-element-5ca0de1\" data-id=\"5ca0de1\" data-element_type=\"column\">\n\t\t\t<div class=\"elementor-widget-wrap elementor-element-populated\">\n\t\t\t\t\t\t\t\t<div class=\"elementor-element elementor-element-7d50cc13 elementor-widget elementor-widget-text-editor\" data-id=\"7d50cc13\" data-element_type=\"widget\" data-widget_type=\"text-editor.default\">\n\t\t\t\t<div class=\"elementor-widget-container\">\n\t\t\t<style>\/*! elementor - v3.11.2 - 22-02-2023 *\/\n.elementor-widget-text-editor.elementor-drop-cap-view-stacked .elementor-drop-cap{background-color:#818a91;color:#fff}.elementor-widget-text-editor.elementor-drop-cap-view-framed .elementor-drop-cap{color:#818a91;border:3px solid;background-color:transparent}.elementor-widget-text-editor:not(.elementor-drop-cap-view-default) .elementor-drop-cap{margin-top:8px}.elementor-widget-text-editor:not(.elementor-drop-cap-view-default) .elementor-drop-cap-letter{width:1em;height:1em}.elementor-widget-text-editor .elementor-drop-cap{float:left;text-align:center;line-height:1;font-size:50px}.elementor-widget-text-editor .elementor-drop-cap-letter{display:inline-block}<\/style>\t\t\t\t<p>Witamy na oficjalnej stronie internetowej apartament\u00f3w \"Villa Arija\" w Povlja na wyspie Brac.<\/p>\n<p>Povlja to pi\u0119kna ma\u0142a miejscowo\u015b\u0107 po p\u00f3\u0142nocno-wschodniej stronie wyspy Brac w \u015arodkowej Dalmacji, po\u0142o\u017cona w najwi\u0119kszej zatoce masywnej zatoki Povlja. Jest to naprawd\u0119 cicha spokojna okolica, idealna na rodzinne wakacje, oferuj\u0105ca r\u00f3wnie\u017c krajow\u0105 ofert\u0119 gastronomiczn\u0105 (kilka market\u00f3w, restauracji i tawern). U nas znajdziesz wiele udogodnie\u0144, takich jak nurkowanie, tenis, a noc\u0105 otwarte kluby z muzyk\u0105 dalmaty\u0144sk\u0105, aw oddalonym o zaledwie 30 km Bolu i najpi\u0119kniejszej pla\u017cy Zlatni rat wiele innych mo\u017cliwo\u015bci rekreacji i zabawy.<\/p>\n<p>Apartamenty \"Villa Arija\" r\u00f3wnie\u017c znajduj\u0105 si\u0119 w spokojnej dzielnicy, zaledwie 40 metr\u00f3w od morza, \u0142adnej kamiennej pla\u017cy, ale s\u0105 te\u017c inne (ma\u0142a kamienna) pla\u017ca r\u00f3wnie bezpieczna dla dzieci w zatoce Ti\u010dja luka i kilka niesamowitych w kierunku 500-metrowa latarnia morska Povlja. Tym samym nasze miejsce i zakwaterowanie jest idealne dla rodzin z dzie\u0107mi i zwierz\u0119tami domowymi.<\/p>\t\t\t\t\t\t<\/div>\n\t\t\t\t<\/div>\n\t\t\t\t<div class=\"elementor-element elementor-element-f40199d elementor-widget elementor-widget-google_maps\" data-id=\"f40199d\" data-element_type=\"widget\" data-widget_type=\"google_maps.default\">\n\t\t\t\t<div class=\"elementor-widget-container\">\n\t\t\t<style>\/*! elementor - v3.11.2 - 22-02-2023 *\/\n.elementor-widget-google_maps .elementor-widget-container{overflow:hidden}.elementor-widget-google_maps .elementor-custom-embed{line-height:0}.elementor-widget-google_maps iframe{height:300px}<\/style>\t\t<div class=\"elementor-custom-embed\">\n\t\t\t<iframe loading=\"lazy\"\n\t\t\t\t\tsrc=\"https:\/\/maps.google.com\/maps?q=villa%20arija%20povlja&#038;t=m&#038;z=11&#038;output=embed&#038;iwloc=near\"\n\t\t\t\t\ttitle=\"villa arija povlja\"\n\t\t\t\t\taria-label=\"villa arija povlja\"\n\t\t\t><\/iframe>\n\t\t<\/div>\n\t\t\t\t<\/div>\n\t\t\t\t<\/div>\n\t\t\t\t\t<\/div>\n\t\t<\/div>\n\t\t\t\t\t\t\t<\/div>\n\t\t<\/section>\n\t\t\t\t\t\t\t<\/div>","protected":false},"excerpt":{"rendered":"<p>Welcome to official web site of the apartments &#8220;Villa Arija&#8221; in Povlja, island Brac. Povlja is a beautiful little place<\/p>\n<p><a href=\"https:\/\/villa-arija.com\/pl\/\" class=\"more-link\">Continue reading<span class=\"screen-reader-text\">Villa Arija<\/span><\/a><\/p>","protected":false},"author":1,"featured_media":0,"parent":0,"menu_order":0,"comment_status":"closed","ping_status":"closed","template":"","meta":{"footnotes":""},"class_list":["post-2","page","type-page","status-publish","hentry"],"_links":{"self":[{"href":"https:\/\/villa-arija.com\/pl\/wp-json\/wp\/v2\/pages\/2","targetHints":{"allow":["GET"]}}],"collection":[{"href":"https:\/\/villa-arija.com\/pl\/wp-json\/wp\/v2\/pages"}],"about":[{"href":"https:\/\/villa-arija.com\/pl\/wp-json\/wp\/v2\/types\/page"}],"author":[{"embeddable":true,"href":"https:\/\/villa-arija.com\/pl\/wp-json\/wp\/v2\/users\/1"}],"replies":[{"embeddable":true,"href":"https:\/\/villa-arija.com\/pl\/wp-json\/wp\/v2\/comments?post=2"}],"version-history":[{"count":8,"href":"https:\/\/villa-arija.com\/pl\/wp-json\/wp\/v2\/pages\/2\/revisions"}],"predecessor-version":[{"id":210,"href":"https:\/\/villa-arija.com\/pl\/wp-json\/wp\/v2\/pages\/2\/revisions\/210"}],"wp:attachment":[{"href":"https:\/\/villa-arija.com\/pl\/wp-json\/wp\/v2\/media?parent=2"}],"curies":[{"name":"wp","href":"https:\/\/api.w.org\/{rel}","templated":true}]}}